{"id":68,"date":"2024-11-10T09:50:04","date_gmt":"2024-11-10T09:50:04","guid":{"rendered":"https:\/\/mspb.life\/?page_id=68"},"modified":"2024-11-10T09:50:04","modified_gmt":"2024-11-10T09:50:04","slug":"politique-de-confidentialite","status":"publish","type":"page","link":"https:\/\/mspb.life\/index.php\/politique-de-confidentialite\/","title":{"rendered":"Politique de confidentialit\u00e9"},"content":{"rendered":"\n<h3 class=\"wp-block-heading\"><strong>Derni\u00e8re mise \u00e0 jour : 8 novembre 2024<\/strong><\/h3>\n\n\n\n<p>La Maison de Sant\u00e9 Pluriprofessionnelle Bichat (MSPB) s&#8217;engage \u00e0 prot\u00e9ger la vie priv\u00e9e de ses utilisateurs et \u00e0 respecter la confidentialit\u00e9 des informations personnelles collect\u00e9es. Cette politique de confidentialit\u00e9 a pour but de vous informer sur la mani\u00e8re dont nous collectons, utilisons, et prot\u00e9geons vos donn\u00e9es personnelles.<\/p>\n\n\n\n<h3 class=\"wp-block-heading\"><strong>1. Collecte des informations personnelles<\/strong><\/h3>\n\n\n\n<p>Nous collectons des informations personnelles lorsque vous utilisez notre site, que ce soit pour prendre contact avec nous, vous inscrire \u00e0 nos services ou pour toute autre interaction. Les donn\u00e9es que nous pouvons collecter incluent, mais ne se limitent pas \u00e0 :<\/p>\n\n\n\n<ul class=\"wp-block-list\">\n<li>Nom<\/li>\n\n\n\n<li>Pr\u00e9nom<\/li>\n\n\n\n<li>Adresse email<\/li>\n\n\n\n<li>Num\u00e9ro de t\u00e9l\u00e9phone<\/li>\n\n\n\n<li>Informations de navigation (adresse IP, type de navigateur, etc.)<\/li>\n<\/ul>\n\n\n\n<h3 class=\"wp-block-heading\"><strong>2. Utilisation des informations collect\u00e9es<\/strong><\/h3>\n\n\n\n<p>Les informations personnelles collect\u00e9es sont utilis\u00e9es pour :<\/p>\n\n\n\n<ul class=\"wp-block-list\">\n<li>Vous fournir les informations ou services demand\u00e9s.<\/li>\n\n\n\n<li>Am\u00e9liorer notre site web et nos services.<\/li>\n\n\n\n<li>R\u00e9pondre \u00e0 vos demandes et questions.<\/li>\n\n\n\n<li>Vous envoyer des mises \u00e0 jour sur notre activit\u00e9 et nos \u00e9v\u00e9nements, si vous en avez fait la demande.<\/li>\n<\/ul>\n\n\n\n<h3 class=\"wp-block-heading\"><strong>3. Protection des donn\u00e9es personnelles<\/strong><\/h3>\n\n\n\n<p>Nous mettons en place des mesures techniques et organisationnelles pour garantir la s\u00e9curit\u00e9 de vos donn\u00e9es personnelles et les prot\u00e9ger contre tout acc\u00e8s non autoris\u00e9, toute alt\u00e9ration, divulgation ou destruction.<\/p>\n\n\n\n<h3 class=\"wp-block-heading\"><strong>4. Partage des donn\u00e9es personnelles<\/strong><\/h3>\n\n\n\n<p>Nous ne partageons pas vos informations personnelles avec des tiers, sauf lorsque cela est n\u00e9cessaire pour fournir un service que vous avez demand\u00e9 ou si la loi l&#8217;exige.<\/p>\n\n\n\n<h3 class=\"wp-block-heading\"><strong>5. Vos droits<\/strong><\/h3>\n\n\n\n<p>Conform\u00e9ment \u00e0 la l\u00e9gislation en vigueur, vous disposez des droits suivants concernant vos donn\u00e9es personnelles :<\/p>\n\n\n\n<ul class=\"wp-block-list\">\n<li>Droit d&#8217;acc\u00e8s : Vous avez le droit de demander une copie des informations que nous d\u00e9tenons \u00e0 votre sujet.<\/li>\n\n\n\n<li>Droit de rectification : Vous pouvez demander la modification de vos informations personnelles si elles sont incorrectes ou incompl\u00e8tes.<\/li>\n\n\n\n<li>Droit de suppression : Vous avez le droit de demander la suppression de vos informations personnelles, sous r\u00e9serve des obligations l\u00e9gales.<\/li>\n\n\n\n<li>Droit d&#8217;opposition : Vous pouvez vous opposer \u00e0 l&#8217;utilisation de vos donn\u00e9es \u00e0 des fins de marketing direct.<\/li>\n<\/ul>\n\n\n\n<p>Pour exercer ces droits, veuillez nous contacter par email \u00e0 l&#8217;adresse suivante : <a>president@mspb.life<\/a>.<\/p>\n\n\n\n<h3 class=\"wp-block-heading\"><strong>6. Cookies<\/strong><\/h3>\n\n\n\n<p>Notre site utilise des cookies pour am\u00e9liorer l&#8217;exp\u00e9rience utilisateur. Les cookies sont des fichiers texte stock\u00e9s sur votre appareil lorsque vous visitez notre site. Ils permettent de suivre vos pr\u00e9f\u00e9rences et d&#8217;optimiser notre site. Vous pouvez configurer votre navigateur pour refuser les cookies ou pour vous alerter lors de leur utilisation. Cependant, certaines fonctionnalit\u00e9s du site peuvent ne pas \u00eatre disponibles si les cookies sont d\u00e9sactiv\u00e9s.<\/p>\n\n\n\n<h3 class=\"wp-block-heading\"><strong>7. Modifications de cette politique de confidentialit\u00e9<\/strong><\/h3>\n\n\n\n<p>Nous nous r\u00e9servons le droit de modifier cette politique de confidentialit\u00e9 \u00e0 tout moment. En cas de modification, nous mettrons \u00e0 jour la date de la derni\u00e8re mise \u00e0 jour en haut de cette page. Nous vous encourageons \u00e0 consulter r\u00e9guli\u00e8rement cette politique afin de rester inform\u00e9 sur la mani\u00e8re dont nous prot\u00e9geons vos donn\u00e9es personnelles.<\/p>\n\n\n\n<h3 class=\"wp-block-heading\"><strong>8. Contact<\/strong><\/h3>\n\n\n\n<p>Si vous avez des questions concernant cette politique de confidentialit\u00e9, ou si vous souhaitez exercer vos droits, veuillez nous contacter :<\/p>\n\n\n\n<p><strong>Email<\/strong> : <a>president@mspb.life<\/a><br><strong>Adresse<\/strong> : 8 Rue Cauchois, 75018 Paris<\/p>\n","protected":false},"excerpt":{"rendered":"<p>Derni\u00e8re mise \u00e0 jour : 8 novembre 2024 La Maison de Sant\u00e9 Pluriprofessionnelle Bichat (MSPB) s&#8217;engage \u00e0 prot\u00e9ger la vie priv\u00e9e de ses utilisateurs et \u00e0 respecter la confidentialit\u00e9 des informations personnelles collect\u00e9es. Cette politique de confidentialit\u00e9 a pour but de vous informer sur la mani\u00e8re dont nous collectons, utilisons, et prot\u00e9geons vos donn\u00e9es personnelles. [&hellip;]<\/p>\n","protected":false},"author":1,"featured_media":0,"parent":0,"menu_order":0,"comment_status":"closed","ping_status":"closed","template":"","meta":{"saved_in_kubio":false,"footnotes":""},"class_list":["post-68","page","type-page","status-publish","hentry"],"kubio_ai_page_context":{"short_desc":"","purpose":"general"},"_links":{"self":[{"href":"https:\/\/mspb.life\/index.php\/wp-json\/wp\/v2\/pages\/68","targetHints":{"allow":["GET"]}}],"collection":[{"href":"https:\/\/mspb.life\/index.php\/wp-json\/wp\/v2\/pages"}],"about":[{"href":"https:\/\/mspb.life\/index.php\/wp-json\/wp\/v2\/types\/page"}],"author":[{"embeddable":true,"href":"https:\/\/mspb.life\/index.php\/wp-json\/wp\/v2\/users\/1"}],"replies":[{"embeddable":true,"href":"https:\/\/mspb.life\/index.php\/wp-json\/wp\/v2\/comments?post=68"}],"version-history":[{"count":1,"href":"https:\/\/mspb.life\/index.php\/wp-json\/wp\/v2\/pages\/68\/revisions"}],"predecessor-version":[{"id":77,"href":"https:\/\/mspb.life\/index.php\/wp-json\/wp\/v2\/pages\/68\/revisions\/77"}],"wp:attachment":[{"href":"https:\/\/mspb.life\/index.php\/wp-json\/wp\/v2\/media?parent=68"}],"curies":[{"name":"wp","href":"https:\/\/api.w.org\/{rel}","templated":true}]}}