{"id":72,"date":"2024-11-10T09:51:56","date_gmt":"2024-11-10T09:51:56","guid":{"rendered":"https:\/\/mspb.life\/?page_id=72"},"modified":"2024-11-10T09:51:56","modified_gmt":"2024-11-10T09:51:56","slug":"notre-mission","status":"publish","type":"page","link":"https:\/\/mspb.life\/index.php\/notre-mission\/","title":{"rendered":"Notre Mission"},"content":{"rendered":"\n<h3 class=\"wp-block-heading\"><strong>Introduction \u00e0 Notre Mission<\/strong><\/h3>\n\n\n\n<p>La <strong>Maison de Sant\u00e9 Pluriprofessionnelle Bichat<\/strong> (MSPB), fond\u00e9e en 2017, a pour mission de r\u00e9pondre aux enjeux sanitaires et sociaux sp\u00e9cifiques du quartier de Moskowa\/Porte de Montmartre\/Porte de Clignancourt, situ\u00e9 dans le 18e arrondissement de Paris. Nous avons pour objectif de renforcer l\u2019acc\u00e8s aux soins de sant\u00e9 pour tous les habitants de ce secteur urbain dynamique, tout en favorisant la collaboration entre diff\u00e9rentes disciplines m\u00e9dicales pour offrir une prise en charge globale, personnalis\u00e9e et coordonn\u00e9e.<\/p>\n\n\n\n<p>Au c\u0153ur de notre mission, se trouve l\u2019engagement \u00e0 promouvoir une sant\u00e9 de proximit\u00e9, solidaire, accessible et de qualit\u00e9. Nous croyons que chaque individu m\u00e9rite un acc\u00e8s facilit\u00e9 \u00e0 des soins m\u00e9dicaux adapt\u00e9s \u00e0 ses besoins et \u00e0 sa situation. Nous agissons chaque jour pour faciliter ce parcours de soin, tout en luttant contre les in\u00e9galit\u00e9s d\u2019acc\u00e8s \u00e0 la sant\u00e9, notamment dans les zones urbaines o\u00f9 les d\u00e9fis sont multiples.<\/p>\n\n\n\n<h3 class=\"wp-block-heading\"><strong>Une Prise en Charge Globale et Personnalis\u00e9e<\/strong><\/h3>\n\n\n\n<p>L\u2019une des pierres angulaires de notre mission est la <strong>prise en charge globale<\/strong> de la sant\u00e9 des patients. Nous savons qu\u2019un probl\u00e8me de sant\u00e9 ne se limite pas \u00e0 un sympt\u00f4me, mais qu\u2019il peut \u00eatre le reflet de plusieurs enjeux physiques, \u00e9motionnels et sociaux. C\u2019est pourquoi nous avons fait le choix d\u2019une approche pluriprofessionnelle. La MSPB regroupe une \u00e9quipe diversifi\u00e9e de professionnels de sant\u00e9, tels que des m\u00e9decins g\u00e9n\u00e9ralistes, des sp\u00e9cialistes, des infirmiers, des kin\u00e9sith\u00e9rapeutes, des psychologues, des di\u00e9t\u00e9ticiens, et bien d\u2019autres, qui collaborent ensemble pour offrir un suivi complet et int\u00e9gr\u00e9.<\/p>\n\n\n\n<p>Nos patients peuvent b\u00e9n\u00e9ficier de soins divers, allant de la consultation de m\u00e9decine g\u00e9n\u00e9rale \u00e0 la prise en charge sp\u00e9cialis\u00e9e en passant par des soins infirmiers ou de r\u00e9\u00e9ducation. Chaque consultation est l\u2019occasion pour nos \u00e9quipes de discuter ensemble des besoins du patient, de coordonner les soins n\u00e9cessaires et de d\u00e9finir un parcours de soin sur mesure. L&#8217;objectif est de garantir un suivi complet et coh\u00e9rent pour chaque personne qui franchit notre porte.<\/p>\n\n\n\n<h3 class=\"wp-block-heading\"><strong>Accessibilit\u00e9 \u00e0 la Sant\u00e9 : Lutter Contre les In\u00e9galit\u00e9s<\/strong><\/h3>\n\n\n\n<p>Un des d\u00e9fis majeurs que nous avons identifi\u00e9s dans notre quartier est l\u2019in\u00e9galit\u00e9 d\u2019acc\u00e8s aux soins, un probl\u00e8me qui touche particuli\u00e8rement les populations vuln\u00e9rables. Beaucoup d\u2019habitants de Moskowa\/Porte de Montmartre\/Porte de Clignancourt rencontrent des obstacles d\u2019ordre \u00e9conomique, g\u00e9ographique ou culturel qui rendent l\u2019acc\u00e8s aux soins de sant\u00e9 difficile.<\/p>\n\n\n\n<p>Notre mission est de <strong>faciliter l\u2019acc\u00e8s aux soins pour tous<\/strong>, quel que soit le statut social, l\u2019origine ou l\u2019\u00e2ge. Nous avons mis en place des tarifs adapt\u00e9s \u00e0 la situation de chaque patient, afin de rendre nos soins accessibles, y compris pour les personnes en situation de pr\u00e9carit\u00e9 ou sans couverture sant\u00e9. Nous sommes \u00e9galement attentifs aux probl\u00e9matiques li\u00e9es aux maladies chroniques, \u00e0 la sant\u00e9 mentale ou encore \u00e0 la gestion des soins pour les personnes \u00e2g\u00e9es.<\/p>\n\n\n\n<p>De plus, la <strong>proximit\u00e9 g\u00e9ographique<\/strong> de la MSPB constitue un atout consid\u00e9rable pour l\u2019accessibilit\u00e9. Situ\u00e9e dans le 18e arrondissement, elle est facilement accessible aux r\u00e9sidents locaux, mais aussi aux habitants d\u2019arrondissements voisins. Ce concept de proximit\u00e9 g\u00e9ographique permet de r\u00e9pondre rapidement aux besoins de sant\u00e9 d&#8217;une population qui pourrait autrement \u00eatre laiss\u00e9e de c\u00f4t\u00e9 par le syst\u00e8me de sant\u00e9 traditionnel.<\/p>\n\n\n\n<h3 class=\"wp-block-heading\"><strong>Pr\u00e9vention et \u00c9ducation \u00e0 la Sant\u00e9<\/strong><\/h3>\n\n\n\n<p>La pr\u00e9vention est un axe central de notre mission. Nous savons qu\u2019une grande partie des probl\u00e8mes de sant\u00e9, en particulier ceux qui concernent les maladies chroniques, peut \u00eatre \u00e9vit\u00e9e ou, \u00e0 tout le moins, mieux prise en charge si des actions pr\u00e9ventives sont mises en place en amont. \u00c0 la MSPB, nous croyons fermement qu\u2019il est essentiel d&#8217;agir avant que la maladie ne se manifeste, en proposant des <strong>programmes de pr\u00e9vention et d&#8217;\u00e9ducation \u00e0 la sant\u00e9<\/strong>.<\/p>\n\n\n\n<p>Nos actions incluent des <strong>ateliers de sensibilisation<\/strong> aux comportements de sant\u00e9, tels que la nutrition, l\u2019exercice physique, l\u2019hygi\u00e8ne de vie, ainsi que la pr\u00e9vention contre les maladies cardiovasculaires, le diab\u00e8te, le cancer, et d&#8217;autres pathologies fr\u00e9quentes dans notre population. Nous organisons \u00e9galement des <strong>d\u00e9pistages gratuits<\/strong> de certaines maladies, afin de faciliter leur d\u00e9tection pr\u00e9coce et d\u2019offrir aux patients une prise en charge rapide si n\u00e9cessaire.<\/p>\n\n\n\n<p>De plus, nous avons mis en place un <strong>suivi personnalis\u00e9<\/strong> des patients \u00e0 risque, notamment pour ceux souffrant de pathologies chroniques. En \u00e9troite collaboration avec les m\u00e9decins g\u00e9n\u00e9ralistes et les sp\u00e9cialistes, nous assurons une gestion coordonn\u00e9e de ces maladies, ce qui permet de pr\u00e9venir les complications et d\u2019am\u00e9liorer la qualit\u00e9 de vie des patients.<\/p>\n\n\n\n<h3 class=\"wp-block-heading\"><strong>Accompagnement des Populations Vuln\u00e9rables<\/strong><\/h3>\n\n\n\n<p>Une autre dimension essentielle de notre mission est l\u2019accompagnement des populations les plus vuln\u00e9rables. Le quartier de Moskowa\/Porte de Montmartre\/Porte de Clignancourt abrite une diversit\u00e9 de personnes, dont certaines sont confront\u00e9es \u00e0 des d\u00e9fis particuliers li\u00e9s \u00e0 leur statut social, \u00e9conomique ou culturel.<\/p>\n\n\n\n<p>Nous avons donc mis en place des <strong>programmes d\u00e9di\u00e9s aux populations vuln\u00e9rables<\/strong> : les jeunes, les personnes \u00e2g\u00e9es, les femmes enceintes, les personnes sans domicile fixe, les migrants, et bien d\u2019autres. Ces programmes visent \u00e0 r\u00e9pondre sp\u00e9cifiquement aux besoins de ces groupes, en leur offrant un acc\u00e8s facilit\u00e9 \u00e0 des soins de sant\u00e9 de qualit\u00e9 et un suivi personnalis\u00e9.<\/p>\n\n\n\n<p>Dans ce cadre, notre \u00e9quipe travaille en partenariat avec des associations locales, des travailleurs sociaux et d\u2019autres acteurs communautaires pour assurer une prise en charge globale, qui ne se limite pas uniquement aux soins m\u00e9dicaux, mais qui int\u00e8gre \u00e9galement un accompagnement social, psychologique et administratif. Nous voulons garantir que chaque personne, quel que soit son parcours, trouve une r\u00e9ponse adapt\u00e9e \u00e0 ses besoins de sant\u00e9.<\/p>\n\n\n\n<h3 class=\"wp-block-heading\"><strong>Innovation et Collaboration Interdisciplinaire<\/strong><\/h3>\n\n\n\n<p>La Maison de Sant\u00e9 Pluriprofessionnelle Bichat est un mod\u00e8le de <strong>collaboration interdisciplinaire<\/strong>, o\u00f9 les professionnels de sant\u00e9, bien qu\u2019ayant des sp\u00e9cialit\u00e9s diff\u00e9rentes, travaillent ensemble pour garantir une prise en charge optimale. Cette approche permet une r\u00e9ponse plus rapide et plus compl\u00e8te aux besoins des patients.<\/p>\n\n\n\n<p>Nous encourageons \u00e9galement l&#8217;<strong>innovation dans la prise en charge des patients<\/strong>, que ce soit \u00e0 travers l&#8217;int\u00e9gration de nouvelles technologies m\u00e9dicales, de nouveaux protocoles de soins, ou encore par la mise en place de solutions num\u00e9riques permettant un suivi \u00e0 distance des patients, en particulier ceux atteints de maladies chroniques.<\/p>\n\n\n\n<p>Cette ouverture \u00e0 l\u2019innovation permet de rester en phase avec les \u00e9volutions du secteur m\u00e9dical et d\u2019offrir \u00e0 nos patients les soins les plus avanc\u00e9s et les plus adapt\u00e9s \u00e0 leurs besoins. De plus, cette approche interdisciplinaire favorise un \u00e9change continu d\u2019informations et de bonnes pratiques entre les diff\u00e9rents professionnels, ce qui enrichit l\u2019exp\u00e9rience de chaque patient.<\/p>\n\n\n\n<h3 class=\"wp-block-heading\"><strong>Un Lieu de Soins, d\u2019\u00c9coute et de Bienveillance<\/strong><\/h3>\n\n\n\n<p>Enfin, notre mission ne se limite pas \u00e0 l\u2019aspect m\u00e9dical. La <strong>dimension humaine<\/strong> est au c\u0153ur de notre approche. Chaque patient est accueilli avec respect, \u00e9coute et bienveillance. Nous croyons que la relation entre un patient et son soignant doit \u00eatre fond\u00e9e sur la confiance et la transparence, afin de favoriser une prise en charge sereine et efficace.<\/p>\n\n\n\n<p>C\u2019est pourquoi nous nous effor\u00e7ons de cr\u00e9er un environnement agr\u00e9able, apaisant et s\u00e9curisant, dans lequel chaque patient se sent \u00e0 l\u2019aise et respect\u00e9. Nous mettons un point d\u2019honneur \u00e0 prendre en compte la dimension psychologique de chaque consultation, en veillant \u00e0 ce que les patients se sentent compris et soutenus, au-del\u00e0 de la simple dimension m\u00e9dicale.<\/p>\n\n\n\n<h3 class=\"wp-block-heading\"><strong>Conclusion<\/strong><\/h3>\n\n\n\n<p>La <strong>Maison de Sant\u00e9 Pluriprofessionnelle Bichat<\/strong> est bien plus qu\u2019un simple centre de sant\u00e9. C\u2019est un lieu o\u00f9 l\u2019acc\u00e8s aux soins est facilit\u00e9, o\u00f9 la collaboration entre les professionnels de sant\u00e9 est la norme, et o\u00f9 chaque patient b\u00e9n\u00e9ficie d\u2019un suivi personnalis\u00e9, pr\u00e9ventif et humain. Notre mission est de contribuer \u00e0 la sant\u00e9 publique locale en offrant des soins de proximit\u00e9, accessibles et de qualit\u00e9, tout en renfor\u00e7ant le lien social au sein du quartier.<\/p>\n\n\n\n<p>Chaque jour, nous nous engageons \u00e0 am\u00e9liorer la sant\u00e9 de nos patients, \u00e0 r\u00e9pondre \u00e0 leurs besoins et \u00e0 lutter contre les in\u00e9galit\u00e9s sociales et sanitaires. La sant\u00e9 de demain passera par des initiatives locales comme la n\u00f4tre, bas\u00e9es sur l\u2019inclusion, l\u2019innovation, et la solidarit\u00e9.<\/p>\n","protected":false},"excerpt":{"rendered":"<p>Introduction \u00e0 Notre Mission La Maison de Sant\u00e9 Pluriprofessionnelle Bichat (MSPB), fond\u00e9e en 2017, a pour mission de r\u00e9pondre aux enjeux sanitaires et sociaux sp\u00e9cifiques du quartier de Moskowa\/Porte de Montmartre\/Porte de Clignancourt, situ\u00e9 dans le 18e arrondissement de Paris. Nous avons pour objectif de renforcer l\u2019acc\u00e8s aux soins de sant\u00e9 pour tous les habitants [&hellip;]<\/p>\n","protected":false},"author":1,"featured_media":0,"parent":0,"menu_order":0,"comment_status":"closed","ping_status":"closed","template":"","meta":{"saved_in_kubio":false,"footnotes":""},"class_list":["post-72","page","type-page","status-publish","hentry"],"kubio_ai_page_context":{"short_desc":"","purpose":"general"},"_links":{"self":[{"href":"https:\/\/mspb.life\/index.php\/wp-json\/wp\/v2\/pages\/72","targetHints":{"allow":["GET"]}}],"collection":[{"href":"https:\/\/mspb.life\/index.php\/wp-json\/wp\/v2\/pages"}],"about":[{"href":"https:\/\/mspb.life\/index.php\/wp-json\/wp\/v2\/types\/page"}],"author":[{"embeddable":true,"href":"https:\/\/mspb.life\/index.php\/wp-json\/wp\/v2\/users\/1"}],"replies":[{"embeddable":true,"href":"https:\/\/mspb.life\/index.php\/wp-json\/wp\/v2\/comments?post=72"}],"version-history":[{"count":1,"href":"https:\/\/mspb.life\/index.php\/wp-json\/wp\/v2\/pages\/72\/revisions"}],"predecessor-version":[{"id":81,"href":"https:\/\/mspb.life\/index.php\/wp-json\/wp\/v2\/pages\/72\/revisions\/81"}],"wp:attachment":[{"href":"https:\/\/mspb.life\/index.php\/wp-json\/wp\/v2\/media?parent=72"}],"curies":[{"name":"wp","href":"https:\/\/api.w.org\/{rel}","templated":true}]}}