{"id":75,"date":"2024-11-10T09:52:31","date_gmt":"2024-11-10T09:52:31","guid":{"rendered":"https:\/\/mspb.life\/?page_id=75"},"modified":"2024-11-10T09:52:32","modified_gmt":"2024-11-10T09:52:32","slug":"nos-actions","status":"publish","type":"page","link":"https:\/\/mspb.life\/index.php\/nos-actions\/","title":{"rendered":"Nos Actions"},"content":{"rendered":"\n<h4 class=\"wp-block-heading\"><strong>Introduction<\/strong><\/h4>\n\n\n\n<p>\u00c0 la <strong>Maison de Sant\u00e9 Pluriprofessionnelle Bichat<\/strong>, nos actions s\u2019inscrivent dans une d\u00e9marche globale visant \u00e0 am\u00e9liorer la sant\u00e9 de la population du quartier de Moskowa\/Porte de Montmartre\/Porte de Clignancourt. Nous agissons quotidiennement pour rendre les soins accessibles, pr\u00e9venir les maladies et offrir un suivi de qualit\u00e9 \u00e0 chaque patient.<\/p>\n\n\n\n<h4 class=\"wp-block-heading\"><strong>Action 1 : Prise en charge pluriprofessionnelle<\/strong><\/h4>\n\n\n\n<p>Le c\u0153ur de notre action r\u00e9side dans la mise en place d\u2019une <strong>prise en charge pluriprofessionnelle<\/strong>. Gr\u00e2ce \u00e0 la collaboration de divers professionnels de sant\u00e9, nous pouvons proposer un suivi complet et coordonn\u00e9 aux patients. Ce mod\u00e8le interdisciplinaire assure une prise en charge rapide et coh\u00e9rente, que ce soit pour des soins de m\u00e9decine g\u00e9n\u00e9rale ou sp\u00e9cialis\u00e9s.<\/p>\n\n\n\n<h4 class=\"wp-block-heading\"><strong>Action 2 : Programmes de pr\u00e9vention et de sensibilisation<\/strong><\/h4>\n\n\n\n<p>Nous mettons r\u00e9guli\u00e8rement en place des <strong>programmes de pr\u00e9vention<\/strong>, afin de sensibiliser la population \u00e0 l\u2019importance des comportements de sant\u00e9. Des actions de d\u00e9pistage gratuites sont \u00e9galement propos\u00e9es pour d\u00e9tecter des maladies \u00e0 un stade pr\u00e9coce et offrir un traitement adapt\u00e9.<\/p>\n\n\n\n<h4 class=\"wp-block-heading\"><strong>Action 3 : Soutien aux populations vuln\u00e9rables<\/strong><\/h4>\n\n\n\n<p>Nos actions incluent \u00e9galement un <strong>accompagnement sp\u00e9cifique<\/strong> des populations vuln\u00e9rables, telles que les jeunes, les personnes \u00e2g\u00e9es, les femmes enceintes, et les personnes en situation de pr\u00e9carit\u00e9. Nous offrons un suivi de sant\u00e9 d\u00e9di\u00e9, ainsi que des consultations gratuites pour ceux qui en ont besoin.<\/p>\n\n\n\n<h4 class=\"wp-block-heading\"><strong>Action 4 : Collaboration avec d\u2019autres acteurs locaux<\/strong><\/h4>\n\n\n\n<p>La <strong>collaboration avec les acteurs locaux<\/strong> (associations, travailleurs sociaux, etc.) est essentielle pour maximiser l\u2019impact de nos actions. Nous travaillons en partenariat avec divers services sociaux et de sant\u00e9 afin de garantir une prise en charge globale et coh\u00e9rente des patients.<\/p>\n\n\n\n<h4 class=\"wp-block-heading\"><strong>Action 5 : Accompagnement des maladies chroniques<\/strong><\/h4>\n\n\n\n<p>Enfin, une de nos actions phares est l\u2019accompagnement des <strong>personnes atteintes de maladies chroniques<\/strong>. Nous offrons un suivi personnalis\u00e9 et des consultations r\u00e9guli\u00e8res pour permettre \u00e0 ces patients de mieux g\u00e9rer leur maladie et d\u2019am\u00e9liorer leur qualit\u00e9 de vie.<\/p>\n","protected":false},"excerpt":{"rendered":"<p>Introduction \u00c0 la Maison de Sant\u00e9 Pluriprofessionnelle Bichat, nos actions s\u2019inscrivent dans une d\u00e9marche globale visant \u00e0 am\u00e9liorer la sant\u00e9 de la population du quartier de Moskowa\/Porte de Montmartre\/Porte de Clignancourt. Nous agissons quotidiennement pour rendre les soins accessibles, pr\u00e9venir les maladies et offrir un suivi de qualit\u00e9 \u00e0 chaque patient. Action 1 : Prise [&hellip;]<\/p>\n","protected":false},"author":1,"featured_media":0,"parent":0,"menu_order":0,"comment_status":"closed","ping_status":"closed","template":"","meta":{"saved_in_kubio":false,"footnotes":""},"class_list":["post-75","page","type-page","status-publish","hentry"],"kubio_ai_page_context":{"short_desc":"","purpose":"general"},"_links":{"self":[{"href":"https:\/\/mspb.life\/index.php\/wp-json\/wp\/v2\/pages\/75","targetHints":{"allow":["GET"]}}],"collection":[{"href":"https:\/\/mspb.life\/index.php\/wp-json\/wp\/v2\/pages"}],"about":[{"href":"https:\/\/mspb.life\/index.php\/wp-json\/wp\/v2\/types\/page"}],"author":[{"embeddable":true,"href":"https:\/\/mspb.life\/index.php\/wp-json\/wp\/v2\/users\/1"}],"replies":[{"embeddable":true,"href":"https:\/\/mspb.life\/index.php\/wp-json\/wp\/v2\/comments?post=75"}],"version-history":[{"count":1,"href":"https:\/\/mspb.life\/index.php\/wp-json\/wp\/v2\/pages\/75\/revisions"}],"predecessor-version":[{"id":84,"href":"https:\/\/mspb.life\/index.php\/wp-json\/wp\/v2\/pages\/75\/revisions\/84"}],"wp:attachment":[{"href":"https:\/\/mspb.life\/index.php\/wp-json\/wp\/v2\/media?parent=75"}],"curies":[{"name":"wp","href":"https:\/\/api.w.org\/{rel}","templated":true}]}}